{"id":3046,"date":"2023-04-23T17:48:09","date_gmt":"2023-04-23T17:48:09","guid":{"rendered":"http:\/\/candelabou.es\/3D\/?page_id=3046"},"modified":"2023-04-23T17:51:06","modified_gmt":"2023-04-23T17:51:06","slug":"aviso-legal","status":"publish","type":"page","link":"https:\/\/candelabou.es\/3D\/aviso-legal\/","title":{"rendered":"Aviso Legal"},"content":{"rendered":"\n<p>La utilizaci\u00f3n del sitio web candelabou.es implica la aceptaci\u00f3n plena y sin reservas por parte del usuario de todos los t\u00e9rminos y condiciones establecidos en este Aviso Legal. Si no est\u00e1s de acuerdo con alguno de los t\u00e9rminos y condiciones, no utilices este sitio web.<\/p>\n\n\n\n<h3 class=\"wp-block-heading\">Titularidad del sitio web <\/h3>\n\n\n\n<p>El titular de este sitio web es Candela Bou Tar\u00edn, con n\u00famero de identificaci\u00f3n fiscal. Puedes contactar con nosotros a trav\u00e9s de info@candelabou.es.<\/p>\n\n\n\n<h3 class=\"wp-block-heading\">Propiedad intelectual <\/h3>\n\n\n\n<p>Todos los contenidos de este sitio web, incluyendo textos, im\u00e1genes, dise\u00f1os, logotipos, archivos de audio y video, software y cualquier otro material, est\u00e1n protegidos por las leyes de propiedad intelectual y son propiedad de candelabou.es o de sus respectivos propietarios. Est\u00e1 prohibida la reproducci\u00f3n, distribuci\u00f3n, comunicaci\u00f3n p\u00fablica o modificaci\u00f3n de cualquier parte del contenido de este sitio web sin la autorizaci\u00f3n previa y por escrito de candelabou.es.<\/p>\n\n\n\n<h3 class=\"wp-block-heading\">Enlaces <\/h3>\n\n\n\n<p>Este sitio web puede contener enlaces a otros sitios web que no est\u00e1n bajo el control de candelabou.es. No somos responsables del contenido o las pol\u00edticas de privacidad de estos sitios web y no los recomendamos ni los respaldamos. El acceso a cualquier sitio web vinculado desde este sitio web es bajo la responsabilidad del usuario.<\/p>\n\n\n\n<h3 class=\"wp-block-heading\">Responsabilidad <\/h3>\n\n\n\n<p>candelabou.es no se hace responsable de los da\u00f1os y perjuicios que puedan derivarse del uso del sitio web o de la informaci\u00f3n contenida en el mismo. Nos esforzamos por mantener el sitio web actualizado y sin errores, pero no garantizamos la exactitud, fiabilidad o integridad de la informaci\u00f3n proporcionada en este sitio web.<\/p>\n\n\n\n<h3 class=\"wp-block-heading\">Ley aplicable y jurisdicci\u00f3n <\/h3>\n\n\n\n<p>Este Aviso Legal se regir\u00e1 e interpretar\u00e1 de acuerdo con las leyes espa\u00f1olas. Cualquier controversia que surja en relaci\u00f3n con este sitio web se someter\u00e1 a los tribunales de Valencia.<\/p>\n\n\n\n<p>Fecha de entrada en vigor: 23 de Abril de 2023<\/p>\n","protected":false},"excerpt":{"rendered":"<p>La utilizaci\u00f3n del sitio web candelabou.es implica la aceptaci\u00f3n plena y sin reservas por parte del usuario de todos los t\u00e9rminos y condiciones establecidos en este Aviso Legal. Si no est\u00e1s de acuerdo con alguno de los t\u00e9rminos y condiciones, no utilices este sitio web. Titularidad del sitio web El titular de este sitio web [&hellip;]<\/p>\n","protected":false},"author":1,"featured_media":0,"parent":0,"menu_order":0,"comment_status":"closed","ping_status":"closed","template":"","meta":{"footnotes":""},"class_list":["post-3046","page","type-page","status-publish","hentry"],"yoast_head":"<!-- This site is optimized with the Yoast SEO Premium plugin v20.1 (Yoast SEO v20.5) - https:\/\/yoast.com\/wordpress\/plugins\/seo\/ -->\n<title>Aviso Legal - Candela Bou<\/title>\n<meta name=\"robots\" content=\"index, follow, max-snippet:-1, max-image-preview:large, max-video-preview:-1\" \/>\n<link rel=\"canonical\" href=\"https:\/\/candelabou.es\/3D\/aviso-legal\/\" \/>\n<meta property=\"og:locale\" content=\"es_ES\" \/>\n<meta property=\"og:type\" content=\"article\" \/>\n<meta property=\"og:title\" content=\"Aviso Legal\" \/>\n<meta property=\"og:description\" content=\"La utilizaci\u00f3n del sitio web candelabou.es implica la aceptaci\u00f3n plena y sin reservas por parte del usuario de todos los t\u00e9rminos y condiciones establecidos en este Aviso Legal. Si no est\u00e1s de acuerdo con alguno de los t\u00e9rminos y condiciones, no utilices este sitio web. Titularidad del sitio web El titular de este sitio web [&hellip;]\" \/>\n<meta property=\"og:url\" content=\"https:\/\/candelabou.es\/3D\/aviso-legal\/\" \/>\n<meta property=\"og:site_name\" content=\"Candela Bou\" \/>\n<meta property=\"article:modified_time\" content=\"2023-04-23T17:51:06+00:00\" \/>\n<meta name=\"twitter:card\" content=\"summary_large_image\" \/>\n<meta name=\"twitter:label1\" content=\"Tiempo de lectura\" \/>\n\t<meta name=\"twitter:data1\" content=\"2 minutos\" \/>\n<script type=\"application\/ld+json\" class=\"yoast-schema-graph\">{\"@context\":\"https:\/\/schema.org\",\"@graph\":[{\"@type\":\"WebPage\",\"@id\":\"https:\/\/candelabou.es\/3D\/aviso-legal\/\",\"url\":\"https:\/\/candelabou.es\/3D\/aviso-legal\/\",\"name\":\"Aviso Legal - Candela Bou\",\"isPartOf\":{\"@id\":\"https:\/\/candelabou.es\/3D\/#website\"},\"datePublished\":\"2023-04-23T17:48:09+00:00\",\"dateModified\":\"2023-04-23T17:51:06+00:00\",\"breadcrumb\":{\"@id\":\"https:\/\/candelabou.es\/3D\/aviso-legal\/#breadcrumb\"},\"inLanguage\":\"es\",\"potentialAction\":[{\"@type\":\"ReadAction\",\"target\":[\"https:\/\/candelabou.es\/3D\/aviso-legal\/\"]}]},{\"@type\":\"BreadcrumbList\",\"@id\":\"https:\/\/candelabou.es\/3D\/aviso-legal\/#breadcrumb\",\"itemListElement\":[{\"@type\":\"ListItem\",\"position\":1,\"name\":\"Portada\",\"item\":\"https:\/\/candelabou.es\/3D\/\"},{\"@type\":\"ListItem\",\"position\":2,\"name\":\"Aviso Legal\"}]},{\"@type\":\"WebSite\",\"@id\":\"https:\/\/candelabou.es\/3D\/#website\",\"url\":\"https:\/\/candelabou.es\/3D\/\",\"name\":\"Candela Bou\",\"description\":\"Renders 3D profesionales\",\"publisher\":{\"@id\":\"https:\/\/candelabou.es\/3D\/#\/schema\/person\/eae1a576e41c91bafb282ec8656fc44b\"},\"potentialAction\":[{\"@type\":\"SearchAction\",\"target\":{\"@type\":\"EntryPoint\",\"urlTemplate\":\"https:\/\/candelabou.es\/3D\/?s={search_term_string}\"},\"query-input\":\"required name=search_term_string\"}],\"inLanguage\":\"es\"},{\"@type\":[\"Person\",\"Organization\"],\"@id\":\"https:\/\/candelabou.es\/3D\/#\/schema\/person\/eae1a576e41c91bafb282ec8656fc44b\",\"name\":\"admin\",\"image\":{\"@type\":\"ImageObject\",\"inLanguage\":\"es\",\"@id\":\"https:\/\/candelabou.es\/3D\/#\/schema\/person\/image\/\",\"url\":\"http:\/\/candelabou.es\/3D\/wp-content\/uploads\/2023\/04\/IMG_0699.jpg\",\"contentUrl\":\"http:\/\/candelabou.es\/3D\/wp-content\/uploads\/2023\/04\/IMG_0699.jpg\",\"width\":1500,\"height\":1000,\"caption\":\"admin\"},\"logo\":{\"@id\":\"https:\/\/candelabou.es\/3D\/#\/schema\/person\/image\/\"}}]}<\/script>\n<!-- \/ Yoast SEO Premium plugin. -->","yoast_head_json":{"title":"Aviso Legal - Candela Bou","robots":{"index":"index","follow":"follow","max-snippet":"max-snippet:-1","max-image-preview":"max-image-preview:large","max-video-preview":"max-video-preview:-1"},"canonical":"https:\/\/candelabou.es\/3D\/aviso-legal\/","og_locale":"es_ES","og_type":"article","og_title":"Aviso Legal","og_description":"La utilizaci\u00f3n del sitio web candelabou.es implica la aceptaci\u00f3n plena y sin reservas por parte del usuario de todos los t\u00e9rminos y condiciones establecidos en este Aviso Legal. Si no est\u00e1s de acuerdo con alguno de los t\u00e9rminos y condiciones, no utilices este sitio web. Titularidad del sitio web El titular de este sitio web [&hellip;]","og_url":"https:\/\/candelabou.es\/3D\/aviso-legal\/","og_site_name":"Candela Bou","article_modified_time":"2023-04-23T17:51:06+00:00","twitter_card":"summary_large_image","twitter_misc":{"Tiempo de lectura":"2 minutos"},"schema":{"@context":"https:\/\/schema.org","@graph":[{"@type":"WebPage","@id":"https:\/\/candelabou.es\/3D\/aviso-legal\/","url":"https:\/\/candelabou.es\/3D\/aviso-legal\/","name":"Aviso Legal - Candela Bou","isPartOf":{"@id":"https:\/\/candelabou.es\/3D\/#website"},"datePublished":"2023-04-23T17:48:09+00:00","dateModified":"2023-04-23T17:51:06+00:00","breadcrumb":{"@id":"https:\/\/candelabou.es\/3D\/aviso-legal\/#breadcrumb"},"inLanguage":"es","potentialAction":[{"@type":"ReadAction","target":["https:\/\/candelabou.es\/3D\/aviso-legal\/"]}]},{"@type":"BreadcrumbList","@id":"https:\/\/candelabou.es\/3D\/aviso-legal\/#breadcrumb","itemListElement":[{"@type":"ListItem","position":1,"name":"Portada","item":"https:\/\/candelabou.es\/3D\/"},{"@type":"ListItem","position":2,"name":"Aviso Legal"}]},{"@type":"WebSite","@id":"https:\/\/candelabou.es\/3D\/#website","url":"https:\/\/candelabou.es\/3D\/","name":"Candela Bou","description":"Renders 3D profesionales","publisher":{"@id":"https:\/\/candelabou.es\/3D\/#\/schema\/person\/eae1a576e41c91bafb282ec8656fc44b"},"potentialAction":[{"@type":"SearchAction","target":{"@type":"EntryPoint","urlTemplate":"https:\/\/candelabou.es\/3D\/?s={search_term_string}"},"query-input":"required name=search_term_string"}],"inLanguage":"es"},{"@type":["Person","Organization"],"@id":"https:\/\/candelabou.es\/3D\/#\/schema\/person\/eae1a576e41c91bafb282ec8656fc44b","name":"admin","image":{"@type":"ImageObject","inLanguage":"es","@id":"https:\/\/candelabou.es\/3D\/#\/schema\/person\/image\/","url":"http:\/\/candelabou.es\/3D\/wp-content\/uploads\/2023\/04\/IMG_0699.jpg","contentUrl":"http:\/\/candelabou.es\/3D\/wp-content\/uploads\/2023\/04\/IMG_0699.jpg","width":1500,"height":1000,"caption":"admin"},"logo":{"@id":"https:\/\/candelabou.es\/3D\/#\/schema\/person\/image\/"}}]}},"_links":{"self":[{"href":"https:\/\/candelabou.es\/3D\/wp-json\/wp\/v2\/pages\/3046"}],"collection":[{"href":"https:\/\/candelabou.es\/3D\/wp-json\/wp\/v2\/pages"}],"about":[{"href":"https:\/\/candelabou.es\/3D\/wp-json\/wp\/v2\/types\/page"}],"author":[{"embeddable":true,"href":"https:\/\/candelabou.es\/3D\/wp-json\/wp\/v2\/users\/1"}],"replies":[{"embeddable":true,"href":"https:\/\/candelabou.es\/3D\/wp-json\/wp\/v2\/comments?post=3046"}],"version-history":[{"count":3,"href":"https:\/\/candelabou.es\/3D\/wp-json\/wp\/v2\/pages\/3046\/revisions"}],"predecessor-version":[{"id":3050,"href":"https:\/\/candelabou.es\/3D\/wp-json\/wp\/v2\/pages\/3046\/revisions\/3050"}],"wp:attachment":[{"href":"https:\/\/candelabou.es\/3D\/wp-json\/wp\/v2\/media?parent=3046"}],"curies":[{"name":"wp","href":"https:\/\/api.w.org\/{rel}","templated":true}]}}